{"id":801,"date":"2020-06-16T19:31:25","date_gmt":"2020-06-16T22:31:25","guid":{"rendered":"https:\/\/av.alphamicro.com.br\/?page_id=801"},"modified":"2020-06-16T23:59:54","modified_gmt":"2020-06-17T02:59:54","slug":"e-835","status":"publish","type":"page","link":"https:\/\/av.alphamicro.com.br\/?page_id=801","title":{"rendered":"E-835"},"content":{"rendered":"<p><strong><a href=\"https:\/\/av.alphamicro.com.br\/wp-content\/uploads\/2020\/06\/E835.png\"><img loading=\"lazy\" decoding=\"async\" class=\"size-medium wp-image-803 alignleft\" src=\"https:\/\/av.alphamicro.com.br\/wp-content\/uploads\/2020\/06\/E835-300x300.png\" alt=\"\" width=\"300\" height=\"300\" srcset=\"https:\/\/av.alphamicro.com.br\/wp-content\/uploads\/2020\/06\/E835-300x300.png 300w, https:\/\/av.alphamicro.com.br\/wp-content\/uploads\/2020\/06\/E835-1024x1024.png 1024w, https:\/\/av.alphamicro.com.br\/wp-content\/uploads\/2020\/06\/E835-150x150.png 150w, https:\/\/av.alphamicro.com.br\/wp-content\/uploads\/2020\/06\/E835-768x768.png 768w, https:\/\/av.alphamicro.com.br\/wp-content\/uploads\/2020\/06\/E835.png 1312w\" sizes=\"auto, (max-width: 300px) 100vw, 300px\" \/><\/a><\/strong><br \/>\n<strong>Categoria &#8211; <\/strong>Microfone<br \/>\n<strong>Fabricante &#8211; <\/strong>Sennheiser \/ <strong>Modelo &#8211;<\/strong> E835<br \/>\n<strong>Manuais <\/strong>(click no link abaixo)<br \/>\n<a href=\"https:\/\/av.alphamicro.com.br\/wp-content\/uploads\/2020\/06\/Especifica\u00e7\u00f5es_E835.pdf\">Especifica\u00e7\u00f5es_E835<\/a><br \/>\n<a href=\"https:\/\/av.alphamicro.com.br\/wp-content\/uploads\/2020\/06\/Manual_E835.pdf\">Manual_E835<\/a><br \/>\n<strong>Contato Fabricante<\/strong> (click no link abaixo)<br \/>\n<a href=\"https:\/\/pt-br.sennheiser.com\/microfone-dinaemico-para-fala-e-vocais-e-835\">https:\/\/pt-br.sennheiser.com\/microfone-dinaemico-para-fala-e-vocais-e-835<\/a><br \/>\nD\u00favidas: +55 11 3038.0560 Assist\u00eancia: +55 11 3038.0580<\/p>\n<p>&nbsp;<\/p>\n<p><strong>Equipe Permanente <\/strong><br \/>\n<em>Coordenador &#8211; <\/em>Luiz Fernando de Novaes Carlos<br \/>\n<a href=\"http:\/\/api.whatsapp.com\/send?1=pt_BR&amp;phone=5511972831328\">(11)97283-1328<\/a><br \/>\n<em>(Para enviar mensagem direto por whattsapp click no fone acima)<\/em><\/p>\n<p><strong>Vis\u00e3o Geral<\/strong><br \/>\nOs microfones constituem o primeiro elo na cadeia de equipamentos do sistema sonoro.Eles fazem a liga\u00e7\u00e3o entre o ambiente e o sistema sonoro. O microfone transforma energia ac\u00fastica (vibra\u00e7\u00f5es) em energia el\u00e9trica, e por isso \u00e9 chamado de transdutor eletroac\u00fastico.<\/p>\n<p><strong>Utiliza\u00e7\u00e3o<\/strong><br \/>\nSempre devemos nos lembrar que quando se aumenta o n\u00famero de microfones abertos (funcionando simultaneamente), o potencial de &#8220;microfonia\u201d tamb\u00e9m \u00e9 aumentado! Portanto, \u00e9 importante manter fechado o volume daqueles microfones que n\u00e3o estiverem, no momento, em uso. Devemos tomar cuidado com o ajuste do microfone para cada orador, a fim n\u00e3o coloc\u00e1-lo numa posi\u00e7\u00e3o que interfira no movimento dele ou o atrapalhe, nem prejudique a correta capta\u00e7\u00e3o da voz.<\/p>\n<div id=\"attachment_830\" style=\"width: 243px\" class=\"wp-caption alignleft\"><a href=\"https:\/\/av.alphamicro.com.br\/wp-content\/uploads\/2020\/06\/Microfone_Modo_Certo.png\"><img loading=\"lazy\" decoding=\"async\" aria-describedby=\"caption-attachment-830\" class=\"wp-image-830 size-medium\" src=\"https:\/\/av.alphamicro.com.br\/wp-content\/uploads\/2020\/06\/Microfone_Modo_Certo-233x300.png\" alt=\"\" width=\"233\" height=\"300\" srcset=\"https:\/\/av.alphamicro.com.br\/wp-content\/uploads\/2020\/06\/Microfone_Modo_Certo-233x300.png 233w, https:\/\/av.alphamicro.com.br\/wp-content\/uploads\/2020\/06\/Microfone_Modo_Certo.png 377w\" sizes=\"auto, (max-width: 233px) 100vw, 233px\" \/><\/a><p id=\"caption-attachment-830\" class=\"wp-caption-text\"><em><strong>Modo Certo<\/strong><\/em><\/p><\/div>\n<div id=\"attachment_832\" style=\"width: 145px\" class=\"wp-caption alignleft\"><a href=\"https:\/\/av.alphamicro.com.br\/wp-content\/uploads\/2020\/06\/Microfone_Modo_Errado.png\"><img loading=\"lazy\" decoding=\"async\" aria-describedby=\"caption-attachment-832\" class=\"wp-image-832 size-medium\" src=\"https:\/\/av.alphamicro.com.br\/wp-content\/uploads\/2020\/06\/Microfone_Modo_Errado-135x300.png\" alt=\"\" width=\"135\" height=\"300\" srcset=\"https:\/\/av.alphamicro.com.br\/wp-content\/uploads\/2020\/06\/Microfone_Modo_Errado-135x300.png 135w, https:\/\/av.alphamicro.com.br\/wp-content\/uploads\/2020\/06\/Microfone_Modo_Errado.png 356w\" sizes=\"auto, (max-width: 135px) 100vw, 135px\" \/><\/a><p id=\"caption-attachment-832\" class=\"wp-caption-text\"><em><strong>Modo Errado<\/strong><\/em><\/p><\/div>\n<p>&nbsp;<\/p>\n<p>&nbsp;<\/p>\n<p>&nbsp;<\/p>\n<p>&nbsp;<\/p>\n<p>&nbsp;<\/p>\n<p>&nbsp;<\/p>\n<p>&nbsp;<\/p>\n<p>&nbsp;<\/p>\n<p>&nbsp;<\/p>\n<p>&nbsp;<\/p>\n<p>&nbsp;<\/p>\n<p><strong>Manuten\u00e7\u00e3o\u00a0<\/strong><b>Preventiva <\/b>(Frequ\u00eancia: Semestral)<br \/>\n\u00b7 Verifique as conex\u00f5es e aplique um antioxidante para contatos el\u00e9tricos.<br \/>\n\u00b7 Verifique o estado das conex\u00f5es<br \/>\n\u00b7 Verifique a condi\u00e7\u00e3o e limpeza dos microfones.<br \/>\n\u00b7 Verifique se est\u00e3o funcionando corretamente<\/p>\n<p><strong><span style=\"color: #ff0000;\">CUIDADO:<\/span><\/strong> N\u00e3o use produtos abrasivos ou corrosivos para a limpeza. Use apenas um pano limpo levemente umedecido e outro seco.<\/p>\n<p>&nbsp;<\/p>\n","protected":false},"excerpt":{"rendered":"<p>Categoria &#8211; Microfone Fabricante &#8211; Sennheiser \/ Modelo &#8211; E835 Manuais (click no link abaixo) Especifica\u00e7\u00f5es_E835 Manual_E835 Contato Fabricante (click no link abaixo) https:\/\/pt-br.sennheiser.com\/microfone-dinaemico-para-fala-e-vocais-e-835 D\u00favidas: +55 11 3038.0560 Assist\u00eancia: +55 11 3038.0580 &nbsp; Equipe Permanente Coordenador &#8211; Luiz Fernando de Novaes Carlos (11)97283-1328 (Para enviar mensagem direto por whattsapp click no fone acima) Vis\u00e3o Geral [&hellip;]<\/p>\n","protected":false},"author":1,"featured_media":0,"parent":799,"menu_order":0,"comment_status":"closed","ping_status":"closed","template":"page-fullwidth.php","meta":{"footnotes":""},"class_list":["post-801","page","type-page","status-publish","hentry"],"_links":{"self":[{"href":"https:\/\/av.alphamicro.com.br\/index.php?rest_route=\/wp\/v2\/pages\/801","targetHints":{"allow":["GET"]}}],"collection":[{"href":"https:\/\/av.alphamicro.com.br\/index.php?rest_route=\/wp\/v2\/pages"}],"about":[{"href":"https:\/\/av.alphamicro.com.br\/index.php?rest_route=\/wp\/v2\/types\/page"}],"author":[{"embeddable":true,"href":"https:\/\/av.alphamicro.com.br\/index.php?rest_route=\/wp\/v2\/users\/1"}],"replies":[{"embeddable":true,"href":"https:\/\/av.alphamicro.com.br\/index.php?rest_route=%2Fwp%2Fv2%2Fcomments&post=801"}],"version-history":[{"count":46,"href":"https:\/\/av.alphamicro.com.br\/index.php?rest_route=\/wp\/v2\/pages\/801\/revisions"}],"predecessor-version":[{"id":853,"href":"https:\/\/av.alphamicro.com.br\/index.php?rest_route=\/wp\/v2\/pages\/801\/revisions\/853"}],"up":[{"embeddable":true,"href":"https:\/\/av.alphamicro.com.br\/index.php?rest_route=\/wp\/v2\/pages\/799"}],"wp:attachment":[{"href":"https:\/\/av.alphamicro.com.br\/index.php?rest_route=%2Fwp%2Fv2%2Fmedia&parent=801"}],"curies":[{"name":"wp","href":"https:\/\/api.w.org\/{rel}","templated":true}]}}